{"id":4988,"date":"2023-03-07T20:43:50","date_gmt":"2023-03-07T19:43:50","guid":{"rendered":"https:\/\/terner.dk\/?page_id=4988"},"modified":"2023-03-26T21:46:56","modified_gmt":"2023-03-26T20:46:56","slug":"terner-dk-mest-fotos","status":"publish","type":"page","link":"https:\/\/terner.dk\/","title":{"rendered":"Terner.dk"},"content":{"rendered":"<p>[et_pb_section fb_built=&#8221;1&#8243; admin_label=&#8221;www.terner top&#8221; _builder_version=&#8221;4.20.0&#8243; _module_preset=&#8221;default&#8221; background_color=&#8221;#FFFFFF&#8221; width=&#8221;1920px&#8221; max_width=&#8221;100%&#8221; module_alignment=&#8221;center&#8221; custom_margin=&#8221;0px||0px||true|false&#8221; custom_padding=&#8221;0px||0px||true|false&#8221; border_color_all=&#8221;#FFFFFF&#8221; global_colors_info=&#8221;{}&#8221;][et_pb_row admin_label=&#8221;top foto&#8221; _builder_version=&#8221;4.20.0&#8243; _module_preset=&#8221;default&#8221; width=&#8221;100%&#8221; module_alignment=&#8221;center&#8221; custom_margin=&#8221;0px|0px|20px|0px|false|true&#8221; custom_padding=&#8221;0px|0px|0px|0px|true|true&#8221; border_color_top=&#8221;#748CA2&#8243; global_colors_info=&#8221;{}&#8221;][et_pb_column type=&#8221;4_4&#8243; _builder_version=&#8221;4.16&#8243; _module_preset=&#8221;default&#8221; global_colors_info=&#8221;{}&#8221;][et_pb_image src=&#8221;https:\/\/terner.dk\/wp-content\/uploads\/2023\/03\/MG_0615_800.jpg&#8221; alt=&#8221;Ulla Terner Jacobsen&#8221; title_text=&#8221;Ulla Terner Jacobsen&#8221; show_bottom_space=&#8221;off&#8221; align=&#8221;center&#8221; src_tablet=&#8221;https:\/\/terner.dk\/wp-content\/uploads\/2023\/03\/MG_0615_800.jpg&#8221; src_phone=&#8221;https:\/\/terner.dk\/wp-content\/uploads\/2023\/03\/MG_0615-1&#215;1-1.jpg&#8221; src_last_edited=&#8221;on|tablet&#8221; admin_label=&#8221;top foto&#8221; _builder_version=&#8221;4.20.2&#8243; _module_preset=&#8221;default&#8221; width_tablet=&#8221;&#8221; width_phone=&#8221;&#8221; width_last_edited=&#8221;on|phone&#8221; max_width=&#8221;100%&#8221; module_alignment=&#8221;center&#8221; custom_margin=&#8221;0px|0px|0px|0px|true|true&#8221; custom_margin_tablet=&#8221;0px||0px||true|false&#8221; custom_margin_phone=&#8221;0px|0px|0px|0px|true|true&#8221; custom_margin_last_edited=&#8221;on|phone&#8221; custom_padding=&#8221;0px|0px|30px|0px|false|true&#8221; border_color_all=&#8221;#748CA2&#8243; global_colors_info=&#8221;{}&#8221;][\/et_pb_image][\/et_pb_column][\/et_pb_row][\/et_pb_section][et_pb_section fb_built=&#8221;1&#8243; admin_label=&#8221;team terner&#8221; _builder_version=&#8221;4.20.1&#8243; _module_preset=&#8221;default&#8221; custom_margin=&#8221;0px||20px||false|false&#8221; custom_margin_tablet=&#8221;0px||20px||false|false&#8221; custom_margin_phone=&#8221;0px||20px||false|false&#8221; custom_margin_last_edited=&#8221;on|phone&#8221; custom_padding=&#8221;0px||0px||true|false&#8221; border_width_top=&#8221;1px&#8221; border_color_top=&#8221;#748CA2&#8243; global_colors_info=&#8221;{}&#8221;][et_pb_row admin_label=&#8221;team terner&#8221; _builder_version=&#8221;4.20.0&#8243; _module_preset=&#8221;default&#8221; custom_margin=&#8221;30px||0px||false|false&#8221; custom_margin_tablet=&#8221;30px||0px||false|false&#8221; custom_margin_phone=&#8221;30px||||false|false&#8221; custom_margin_last_edited=&#8221;on|phone&#8221; custom_padding=&#8221;0px||0px||true|false&#8221; global_colors_info=&#8221;{}&#8221;][et_pb_column type=&#8221;4_4&#8243; _builder_version=&#8221;4.19.5&#8243; _module_preset=&#8221;default&#8221; global_colors_info=&#8221;{}&#8221;][et_pb_image src=&#8221;https:\/\/terner.dk\/wp-content\/uploads\/2023\/01\/front_2023-1.gif&#8221; alt=&#8221;Team Terner&#8221; title_text=&#8221;Team Terner&#8221; align=&#8221;center&#8221; admin_label=&#8221;team terner billede&#8221; _builder_version=&#8221;4.20.1&#8243; _module_preset=&#8221;default&#8221; global_colors_info=&#8221;{}&#8221;][\/et_pb_image][et_pb_text content_tablet=&#8221;<\/p>\n<p style=%22text-align: center;%22>En rejsebeskrivelse fra den fantastisk gr\u00f8nlandske vinter.<\/p>\n<p style=%22text-align: left;%22>Det smukke gr\u00f8nlandske vinterlandskab, sl\u00e6dek\u00f8rsel p\u00e5 fjorden medsl\u00e6dehundene i deres rette element i frostklar himmel og knitrende sne, en udflugt til Gr\u00f8nlands indlandsis &#8211; et af verdens vidundere, det fascinerende nordlys n\u00e5r himlen fyldes med gr\u00f8nne, gule og lilla farver som blafrer p\u00e5 himlen, sp\u00e6ndende udflugter og m\u00f8det med rensdyr og de mange moskusokser som opholder sig omkring Kangerlussuaq.<\/p>\n<p>&#8221; content_phone=&#8221;<\/p>\n<p style=%22text-align: center;%22>En rejsebeskrivelse fra den fantastisk gr\u00f8nlandske vinter.<\/p>\n<p style=%22text-align: left;%22>Det smukke gr\u00f8nlandske vinterlandskab, sl\u00e6dek\u00f8rsel p\u00e5 fjorden medsl\u00e6dehundene i deres rette element i frostklar himmel og knitrende sne, en udflugt til Gr\u00f8nlands indlandsis &#8211; et af verdens vidundere, det fascinerende nordlys n\u00e5r himlen fyldes med gr\u00f8nne, gule og lilla farver som blafrer p\u00e5 himlen, sp\u00e6ndende udflugter og m\u00f8det med rensdyr og de mange moskusokser som opholder sig omkring Kangerlussuaq.<\/p>\n<p>&#8221; content_last_edited=&#8221;on|phone&#8221; admin_label=&#8221;rejsebeskrivelse&#8221; _builder_version=&#8221;4.20.1&#8243; _module_preset=&#8221;default&#8221; text_font_size=&#8221;15px&#8221; custom_margin=&#8221;|0px||0px|false|true&#8221; custom_padding=&#8221;|10px||10px|false|true&#8221; custom_padding_tablet=&#8221;|10px||10px|false|true&#8221; custom_padding_phone=&#8221;|10px||10px|false|true&#8221; custom_padding_last_edited=&#8221;on|desktop&#8221; text_font_tablet=&#8221;&#8221; text_font_phone=&#8221;&#8221; text_font_last_edited=&#8221;on|phone&#8221; text_font_size_tablet=&#8221;15px&#8221; text_font_size_phone=&#8221;15px&#8221; text_font_size_last_edited=&#8221;on|phone&#8221; global_colors_info=&#8221;{}&#8221;]<\/p>\n<p style=\"text-align: center;\">En rejsebeskrivelse fra den fantastisk gr\u00f8nlandske vinter.<\/p>\n<p style=\"text-align: left;\">Det smukke gr\u00f8nlandske vinterlandskab, sl\u00e6dek\u00f8rsel p\u00e5 fjorden medsl\u00e6dehundene i deres rette element i frostklar himmel og knitrende sne, en udflugt til Gr\u00f8nlands indlandsis &#8211; et af verdens vidundere, det fascinerende nordlys n\u00e5r himlen fyldes med gr\u00f8nne, gule og lilla farver som blafrer p\u00e5 himlen, sp\u00e6ndende udflugter og m\u00f8det med rensdyr og de mange \u00a0moskusokser som opholder sig omkring Kangerlussuaq.<\/p>\n<p>[\/et_pb_text][et_pb_text admin_label=&#8221;link til team terner&#8221; _builder_version=&#8221;4.19.5&#8243; _dynamic_attributes=&#8221;link_option_url&#8221; _module_preset=&#8221;default&#8221; text_font=&#8221;||||on||||&#8221; text_font_size=&#8221;15px&#8221; link_option_url=&#8221;@ET-DC@eyJkeW5hbWljIjp0cnVlLCJjb250ZW50IjoicG9zdF9saW5rX3VybF9wYWdlIiwic2V0dGluZ3MiOnsicG9zdF9pZCI6IjM4ODQifX0=@&#8221; global_colors_info=&#8221;{}&#8221;]<\/p>\n<p style=\"text-align: center;\"><strong>Klik for Team Terner<br \/><\/strong><\/p>\n<p>[\/et_pb_text][\/et_pb_column][\/et_pb_row][\/et_pb_section][et_pb_section fb_built=&#8221;1&#8243; admin_label=&#8221;fotoserier&#8221; _builder_version=&#8221;4.20.1&#8243; _module_preset=&#8221;default&#8221; custom_margin=&#8221;0px||20px||false|false&#8221; custom_padding=&#8221;0px||0px||true|false&#8221; border_width_top=&#8221;1px&#8221; global_colors_info=&#8221;{}&#8221;][et_pb_row admin_label=&#8221;fotoserier&#8221; _builder_version=&#8221;4.20.1&#8243; _module_preset=&#8221;default&#8221; custom_margin=&#8221;30px||0px||false|false&#8221; global_colors_info=&#8221;{}&#8221;][et_pb_column type=&#8221;4_4&#8243; _builder_version=&#8221;4.20.0&#8243; _module_preset=&#8221;default&#8221; global_colors_info=&#8221;{}&#8221;][et_pb_text admin_label=&#8221;FotoSerier overskrift&#8221; _builder_version=&#8221;4.20.2&#8243; _module_preset=&#8221;default&#8221; text_text_color=&#8221;#000000&#8243; text_font_size=&#8221;40px&#8221; text_orientation=&#8221;center&#8221; text_font_size_tablet=&#8221;30px&#8221; text_font_size_phone=&#8221;30px&#8221; text_font_size_last_edited=&#8221;on|desktop&#8221; global_colors_info=&#8221;{}&#8221;]<\/p>\n<p>FotoSerier<\/p>\n<p>[\/et_pb_text][et_pb_image src=&#8221;https:\/\/terner.dk\/wp-content\/uploads\/2023\/03\/MG_2455-3-1.jpg&#8221; title_text=&#8221;FotoSerier&#8221; align=&#8221;center&#8221; _builder_version=&#8221;4.20.1&#8243; _module_preset=&#8221;default&#8221; module_alignment=&#8221;center&#8221; custom_margin=&#8221;0px|0px|0px|0px|true|true&#8221; custom_padding=&#8221;0px|0px|0px|0px|true|true&#8221; global_colors_info=&#8221;{}&#8221;][\/et_pb_image][et_pb_text admin_label=&#8221;FotoSerier br\u00f8dtekst&#8221; _builder_version=&#8221;4.20.2&#8243; _module_preset=&#8221;default&#8221; text_text_color=&#8221;#000000&#8243; text_font_size=&#8221;15px&#8221; text_orientation=&#8221;center&#8221; module_alignment=&#8221;center&#8221; custom_margin=&#8221;|0px|0px|0px|false|true&#8221; custom_padding=&#8221;10px|25px|10px|25px|false|true&#8221; custom_padding_tablet=&#8221;|0px||0px|false|false&#8221; custom_padding_phone=&#8221;|0px||0px|false|false&#8221; custom_padding_last_edited=&#8221;on|desktop&#8221; global_colors_info=&#8221;{}&#8221;]<\/p>\n<p>Fotografi betyder at male med lys og det er lyset som former motiverne. At indfange en stemning som nogle gange kun varer et \u00f8jeblik&#8230;..<\/p>\n<p>Det \u00e6ldste fotografi er optaget i 1826 p\u00e5 en tinplade belagt med lysf\u00f8lsom syrisk asfalt, eksponeret i\u00a0 8 timer og efterbehandlet med lavendelolie.<\/p>\n<p>Der er sket meget siden den tid men begejstringen og gl\u00e6den ved det fotografiske billede er uforandret.<\/p>\n<p>[\/et_pb_text][et_pb_text admin_label=&#8221;link til FotoSerier &#8221; _builder_version=&#8221;4.20.2&#8243; _dynamic_attributes=&#8221;link_option_url&#8221; _module_preset=&#8221;default&#8221; text_font=&#8221;||||on|||#000000|&#8221; text_font_size=&#8221;15px&#8221; custom_margin=&#8221;0px||0px||true|false&#8221; custom_padding=&#8221;0px||0px||true|false&#8221; link_option_url=&#8221;@ET-DC@eyJkeW5hbWljIjp0cnVlLCJjb250ZW50IjoicG9zdF9saW5rX3VybF9wYWdlIiwic2V0dGluZ3MiOnsicG9zdF9pZCI6IjUyMDUifX0=@&#8221; global_colors_info=&#8221;{}&#8221;]<\/p>\n<p style=\"text-align: center;\"><strong><span style=\"color: #000000;\"><\/span><\/strong><\/p>\n<p style=\"text-align: center;\"><strong><span style=\"color: #000000;\">Klik for FotoSerier<\/span><br \/><\/strong><\/p>\n<p>[\/et_pb_text][\/et_pb_column][\/et_pb_row][\/et_pb_section][et_pb_section fb_built=&#8221;1&#8243; custom_padding_last_edited=&#8221;off|phone&#8221; admin_label=&#8221;Illustrationer&#8221; _builder_version=&#8221;4.20.2&#8243; _module_preset=&#8221;default&#8221; module_alignment=&#8221;center&#8221; custom_margin=&#8221;0px||20px||false|false&#8221; custom_margin_tablet=&#8221;0px||0px||true|false&#8221; custom_margin_phone=&#8221;0px||20px||false|false&#8221; custom_margin_last_edited=&#8221;on|desktop&#8221; custom_padding=&#8221;0px||0px||true|false&#8221; border_width_top=&#8221;1px&#8221; border_color_top=&#8221;#006530&#8243; global_colors_info=&#8221;{}&#8221;][et_pb_row admin_label=&#8221;Illustrationer &#8221; _builder_version=&#8221;4.20.2&#8243; _module_preset=&#8221;default&#8221; module_alignment=&#8221;center&#8221; custom_margin=&#8221;0px|0px|0px|0px|true|true&#8221; custom_padding=&#8221;0px|0px|0px|0px|true|true&#8221; global_colors_info=&#8221;{}&#8221;][et_pb_column type=&#8221;4_4&#8243; _builder_version=&#8221;4.20.0&#8243; _module_preset=&#8221;default&#8221; global_colors_info=&#8221;{}&#8221;][et_pb_text admin_label=&#8221;illustrationer overskrift&#8221; _builder_version=&#8221;4.20.2&#8243; _module_preset=&#8221;default&#8221; text_text_color=&#8221;#006530&#8243; text_font_size=&#8221;40px&#8221; text_line_height=&#8221;2em&#8221; text_orientation=&#8221;center&#8221; custom_margin=&#8221;20px|0px|0px|0px|false|true&#8221; custom_padding=&#8221;0px|10px|0px|10px|false|true&#8221; text_font_size_tablet=&#8221;30px&#8221; text_font_size_phone=&#8221;30px&#8221; text_font_size_last_edited=&#8221;on|phone&#8221; global_colors_info=&#8221;{}&#8221;]<\/p>\n<p>Illustrationer<\/p>\n<p>[\/et_pb_text][\/et_pb_column][\/et_pb_row][et_pb_row _builder_version=&#8221;4.20.2&#8243; _module_preset=&#8221;default&#8221; custom_margin=&#8221;0px||0px||false|false&#8221; custom_padding=&#8221;0px||0px||true|false&#8221; global_colors_info=&#8221;{}&#8221;][et_pb_column type=&#8221;4_4&#8243; _builder_version=&#8221;4.20.1&#8243; _module_preset=&#8221;default&#8221; global_colors_info=&#8221;{}&#8221;][et_pb_image src=&#8221;https:\/\/terner.dk\/wp-content\/uploads\/2023\/03\/bord-forside.gif&#8221; alt=&#8221;Meze&#8221; title_text=&#8221;Meze&#8221; align=&#8221;center&#8221; _builder_version=&#8221;4.20.0&#8243; _module_preset=&#8221;default&#8221; global_colors_info=&#8221;{}&#8221;][\/et_pb_image][\/et_pb_column][\/et_pb_row][et_pb_row admin_label=&#8221;mad tekst&#8221; _builder_version=&#8221;4.20.2&#8243; _module_preset=&#8221;default&#8221; custom_margin=&#8221;0px||0px||true|false&#8221; custom_padding=&#8221;0px||0px||true|false&#8221; global_colors_info=&#8221;{}&#8221;][et_pb_column type=&#8221;4_4&#8243; _builder_version=&#8221;4.19.5&#8243; _module_preset=&#8221;default&#8221; global_colors_info=&#8221;{}&#8221;][et_pb_text admin_label=&#8221;Illustrationer br\u00f8dtekst&#8221; _builder_version=&#8221;4.20.2&#8243; _module_preset=&#8221;default&#8221; text_text_color=&#8221;#006530&#8243; text_font_size=&#8221;15px&#8221; custom_padding=&#8221;|10px||10px|false|true&#8221; text_font_size_tablet=&#8221;15px&#8221; text_font_size_phone=&#8221;15px&#8221; text_font_size_last_edited=&#8221;on|phone&#8221; global_colors_info=&#8221;{}&#8221;]<\/p>\n<p style=\"text-align: center;\">Mad skal v\u00e6re sundt og velsmagende. Illustrationerne er inspireret af de enkelte opskrifter, som alle har fokus p\u00e5 enkle og sunde ingredienser og gode smagsoplevelser.<\/p>\n<p>[\/et_pb_text][et_pb_text admin_label=&#8221;link til opskrifter&#8221; _builder_version=&#8221;4.20.2&#8243; _dynamic_attributes=&#8221;link_option_url&#8221; _module_preset=&#8221;default&#8221; text_font=&#8221;||||on||||&#8221; text_text_color=&#8221;#006530&#8243; link_option_url=&#8221;@ET-DC@eyJkeW5hbWljIjp0cnVlLCJjb250ZW50IjoicG9zdF9saW5rX3VybF9wYWdlIiwic2V0dGluZ3MiOnsicG9zdF9pZCI6IjQxNTAifX0=@&#8221; global_colors_info=&#8221;{}&#8221;]<\/p>\n<p style=\"text-align: center;\"><strong>Klik for Illustrationer<\/strong><\/p>\n<p>[\/et_pb_text][\/et_pb_column][\/et_pb_row][\/et_pb_section][et_pb_section fb_built=&#8221;1&#8243; admin_label=&#8221;PixelPlay&#8221; _builder_version=&#8221;4.20.0&#8243; _module_preset=&#8221;default&#8221; width=&#8221;100%&#8221; custom_margin=&#8221;0px||20px||false|false&#8221; custom_margin_tablet=&#8221;30px||0px||false|false&#8221; custom_margin_phone=&#8221;0px||20px||false|false&#8221; custom_margin_last_edited=&#8221;on|phone&#8221; custom_padding=&#8221;0px||0px||true|false&#8221; border_width_top=&#8221;1px&#8221; border_color_top=&#8221;#006530&#8243; global_colors_info=&#8221;{}&#8221;][et_pb_row admin_label=&#8221;PixelPlay&#8221; _builder_version=&#8221;4.20.2&#8243; _module_preset=&#8221;default&#8221; width_tablet=&#8221;100%&#8221; width_phone=&#8221;100%&#8221; width_last_edited=&#8221;on|desktop&#8221; max_width=&#8221;80%&#8221; module_alignment=&#8221;center&#8221; custom_margin=&#8221;30px|20px|0px|20px|false|true&#8221; custom_padding=&#8221;0px||0px||false|false&#8221; global_colors_info=&#8221;{}&#8221;][et_pb_column type=&#8221;4_4&#8243; _builder_version=&#8221;4.19.5&#8243; _module_preset=&#8221;default&#8221; global_colors_info=&#8221;{}&#8221;][et_pb_text admin_label=&#8221;PixelPlay overskrift&#8221; _builder_version=&#8221;4.20.2&#8243; _module_preset=&#8221;default&#8221; text_font_size=&#8221;40px&#8221; background_enable_image=&#8221;off&#8221; height_tablet=&#8221;&#8221; height_phone=&#8221;&#8221; height_last_edited=&#8221;on|phone&#8221; custom_margin=&#8221;0px||||false|false&#8221; custom_padding=&#8221;20px||||false|false&#8221; text_font_size_tablet=&#8221;30px&#8221; text_font_size_phone=&#8221;30px&#8221; text_font_size_last_edited=&#8221;on|phone&#8221; global_colors_info=&#8221;{}&#8221;]<\/p>\n<p style=\"text-align: center;\"><span style=\"color: #000000;\">PixelPlay<\/span><\/p>\n<p>[\/et_pb_text][et_pb_text admin_label=&#8221;PixelPlay skrift&#8221; _builder_version=&#8221;4.20.2&#8243; _module_preset=&#8221;default&#8221; text_font_size=&#8221;19px&#8221; text_font_size_tablet=&#8221;15px&#8221; text_font_size_phone=&#8221;15px&#8221; text_font_size_last_edited=&#8221;on|desktop&#8221; global_colors_info=&#8221;{}&#8221;]<\/p>\n<p style=\"text-align: center;\"><span style=\"color: #000000;\">Kun fantasien s\u00e6tter gr\u00e6nser og der er lagt op til fri leg med pixlerne.<\/span><\/p>\n<p>[\/et_pb_text][\/et_pb_column][\/et_pb_row][et_pb_row column_structure=&#8221;3_5,2_5&#8243; _builder_version=&#8221;4.20.2&#8243; _module_preset=&#8221;default&#8221; global_colors_info=&#8221;{}&#8221;][et_pb_column type=&#8221;3_5&#8243; _builder_version=&#8221;4.20.2&#8243; _module_preset=&#8221;default&#8221; global_colors_info=&#8221;{}&#8221;][et_pb_image src=&#8221;https:\/\/terner.dk\/wp-content\/uploads\/2023\/03\/Q4A0860-800&#215;450-1.jpg&#8221; title_text=&#8221;PixelPlay&#8221; align=&#8221;center&#8221; _builder_version=&#8221;4.20.2&#8243; _module_preset=&#8221;default&#8221; global_colors_info=&#8221;{}&#8221;][\/et_pb_image][\/et_pb_column][et_pb_column type=&#8221;2_5&#8243; _builder_version=&#8221;4.20.2&#8243; _module_preset=&#8221;default&#8221; global_colors_info=&#8221;{}&#8221;][et_pb_text content_tablet=&#8221;<\/p>\n<p><span style=%22color: #000000;%22>Der er altid blevet eksperimenteret med fotos og film.<\/span><span style=%22color: #000000;%22><span class=%22ILfuVd%22 lang=%22da%22><span class=%22hgKElc%22><\/span><\/span><\/span><\/p>\n<p>Det digitale m\u00f8rkekammer har afl\u00f8st det m\u00f8rke rum med den r\u00f8de p\u00e6re og kemikaliedampene.<\/p>\n<p>Det giver uanede muligheder for at  arbejde videre med billeder og film.<\/p>\n<\/p>\n<p><span style=%22color: #000000;%22> <\/span><\/p>\n<p>&#8221; content_phone=&#8221;<\/p>\n<p><span style=%22color: #000000;%22>Der er altid blevet eksperimenteret med fotos og film.<\/span><span style=%22color: #000000;%22><span class=%22ILfuVd%22 lang=%22da%22><span class=%22hgKElc%22><\/span><\/span><\/span><\/p>\n<p>Det digitale m\u00f8rkekammer har afl\u00f8st det m\u00f8rke rum med den r\u00f8de p\u00e6re og kemikaliedampene.<\/p>\n<p>Det giver uanede muligheder for at  arbejde videre med billeder og film.<\/p>\n<p>&#8221; content_last_edited=&#8221;on|phone&#8221; admin_label=&#8221;PixelPlay br\u00f8dtekst&#8221; _builder_version=&#8221;4.20.2&#8243; _module_preset=&#8221;default&#8221; text_text_color=&#8221;#000000&#8243; custom_margin=&#8221;30px|0px|0px|-26px|false|false&#8221; custom_margin_tablet=&#8221;|50px||50px|false|true&#8221; custom_margin_phone=&#8221;|0px||0px|false|false&#8221; custom_margin_last_edited=&#8221;on|phone&#8221; custom_padding=&#8221;0px|0px|0px|0px|true|true&#8221; global_colors_info=&#8221;{}&#8221;]<\/p>\n<p><span style=\"color: #000000;\">Der er altid blevet eksperimenteret med fotos og film.<\/span><span style=\"color: #000000;\"><span class=\"ILfuVd\" lang=\"da\"><span class=\"hgKElc\"><\/span><\/span><\/span><\/p>\n<p>Det digitale m\u00f8rkekammer har afl\u00f8st det m\u00f8rke rum med den r\u00f8de p\u00e6re og kemikaliedampene.<\/p>\n<p>Det giver uanede muligheder for at\u00a0 arbejde videre med billeder og film.<\/p>\n<p>[\/et_pb_text][\/et_pb_column][\/et_pb_row][et_pb_row _builder_version=&#8221;4.20.2&#8243; _module_preset=&#8221;default&#8221; global_colors_info=&#8221;{}&#8221;][et_pb_column type=&#8221;4_4&#8243; _builder_version=&#8221;4.20.2&#8243; _module_preset=&#8221;default&#8221; global_colors_info=&#8221;{}&#8221;][et_pb_text admin_label=&#8221;link til pixelplay&#8221; _builder_version=&#8221;4.20.2&#8243; _dynamic_attributes=&#8221;link_option_url&#8221; _module_preset=&#8221;default&#8221; text_font_size=&#8221;15px&#8221; custom_margin=&#8221;-19px|0px|0px|0px|false|true&#8221; custom_margin_tablet=&#8221;-30px||||false|true&#8221; custom_margin_phone=&#8221;-50px||||false|true&#8221; custom_margin_last_edited=&#8221;on|desktop&#8221; custom_padding=&#8221;0px|0px|0px|0px|true|true&#8221; link_option_url=&#8221;@ET-DC@eyJkeW5hbWljIjp0cnVlLCJjb250ZW50IjoicG9zdF9saW5rX3VybF9wYWdlIiwic2V0dGluZ3MiOnsicG9zdF9pZCI6IjU3MTcifX0=@&#8221; global_colors_info=&#8221;{}&#8221;]<\/p>\n<p style=\"text-align: center;\"><strong><span style=\"text-decoration: underline; color: #000000;\">Klik for PixelPlay<\/span><\/strong><\/p>\n<p>[\/et_pb_text][\/et_pb_column][\/et_pb_row][\/et_pb_section]<\/p>\n","protected":false},"excerpt":{"rendered":"<p>En rejsebeskrivelse fra den fantastisk gr\u00f8nlandske vinter. Det smukke gr\u00f8nlandske vinterlandskab, sl\u00e6dek\u00f8rsel p\u00e5 fjorden medsl\u00e6dehundene i deres rette element i frostklar himmel og knitrende sne, en udflugt til Gr\u00f8nlands indlandsis &#8211; et af verdens vidundere, det fascinerende nordlys n\u00e5r himlen fyldes med gr\u00f8nne, gule og lilla farver som blafrer p\u00e5 himlen, sp\u00e6ndende udflugter og m\u00f8det [&hellip;]<\/p>\n","protected":false},"author":1,"featured_media":0,"parent":0,"menu_order":0,"comment_status":"closed","ping_status":"closed","template":"","meta":{"_et_pb_use_builder":"on","_et_pb_old_content":"","_et_gb_content_width":"","footnotes":""},"class_list":["post-4988","page","type-page","status-publish","hentry"],"_links":{"self":[{"href":"https:\/\/terner.dk\/index.php?rest_route=\/wp\/v2\/pages\/4988","targetHints":{"allow":["GET"]}}],"collection":[{"href":"https:\/\/terner.dk\/index.php?rest_route=\/wp\/v2\/pages"}],"about":[{"href":"https:\/\/terner.dk\/index.php?rest_route=\/wp\/v2\/types\/page"}],"author":[{"embeddable":true,"href":"https:\/\/terner.dk\/index.php?rest_route=\/wp\/v2\/users\/1"}],"replies":[{"embeddable":true,"href":"https:\/\/terner.dk\/index.php?rest_route=%2Fwp%2Fv2%2Fcomments&post=4988"}],"version-history":[{"count":48,"href":"https:\/\/terner.dk\/index.php?rest_route=\/wp\/v2\/pages\/4988\/revisions"}],"predecessor-version":[{"id":5826,"href":"https:\/\/terner.dk\/index.php?rest_route=\/wp\/v2\/pages\/4988\/revisions\/5826"}],"wp:attachment":[{"href":"https:\/\/terner.dk\/index.php?rest_route=%2Fwp%2Fv2%2Fmedia&parent=4988"}],"curies":[{"name":"wp","href":"https:\/\/api.w.org\/{rel}","templated":true}]}}